{"id":556,"date":"2023-12-14T17:15:17","date_gmt":"2023-12-14T17:15:17","guid":{"rendered":"https:\/\/ecosil.es\/wp\/?page_id=556"},"modified":"2024-01-05T11:12:48","modified_gmt":"2024-01-05T11:12:48","slug":"politica-de-cookies","status":"publish","type":"page","link":"https:\/\/ecosil.es\/wp\/politica-de-cookies\/","title":{"rendered":"Pol\u00edtica de cookies"},"content":{"rendered":"<p>[et_pb_section fb_built=\u00bb1&#8243; admin_label=\u00bbsection\u00bb _builder_version=\u00bb4.16&#8243; global_colors_info=\u00bb{}\u00bb][et_pb_row admin_label=\u00bbrow\u00bb _builder_version=\u00bb4.16&#8243; background_size=\u00bbinitial\u00bb background_position=\u00bbtop_left\u00bb background_repeat=\u00bbrepeat\u00bb global_colors_info=\u00bb{}\u00bb][et_pb_column type=\u00bb4_4&#8243; _builder_version=\u00bb4.16&#8243; custom_padding=\u00bb|||\u00bb global_colors_info=\u00bb{}\u00bb custom_padding__hover=\u00bb|||\u00bb][et_pb_text _builder_version=\u00bb4.21.0&#8243; _module_preset=\u00bbdefault\u00bb global_colors_info=\u00bb{}\u00bb]<\/p>\n<h1>Pol\u00edtica de cookies<\/h1>\n<p>[\/et_pb_text][et_pb_text admin_label=\u00bbText\u00bb _builder_version=\u00bb4.23.1&#8243; background_size=\u00bbinitial\u00bb background_position=\u00bbtop_left\u00bb background_repeat=\u00bbrepeat\u00bb global_colors_info=\u00bb{}\u00bb]<\/p>\n<p>A trav\u00e9s de la pol\u00edtica de cookies ESTUDIOS Y CONTRATAS SILV\u00cdCOLAS SL pretende informaci\u00f3n acerca del tratamiento de sus datos que realiza a trav\u00e9s del uso de \u201ccookies\u201d y\/o tecnolog\u00edas similares<\/p>\n<p>[\/et_pb_text][et_pb_text _builder_version=\u00bb4.20.2&#8243; _module_preset=\u00bbdefault\u00bb global_colors_info=\u00bb{}\u00bb]<\/p>\n<h2>\u00bfQu\u00e9 es una cookie?<\/h2>\n<p>[\/et_pb_text][et_pb_text _builder_version=\u00bb4.23.1&#8243; _module_preset=\u00bbdefault\u00bb global_colors_info=\u00bb{}\u00bb]<\/p>\n<p>En ocasiones es posible que utilicemos una tecnolog\u00eda llamada \u201ccookies\u201d con el fin de que proporcionemos una serie de contenidos y\/o servicios de manera personalizada. Una \u201ccookie\u201d es un peque\u00f1o elemento de datos que un sitio Web puede enviar al programa de navegaci\u00f3n Web del usuario.<\/p>\n<p>A su vez, este elemento puede almacenarse en el disco duro del ordenador del usuario de manera que le podamos reconocer cuando regrese a nuestro sitio Web. En cualquier caso, siempre existe la posibilidad de que el usuario especifique, en las preferencias de su programa de navegaci\u00f3n que desea, recibir un aviso antes de aceptar cualquier \u201ccookie\u201d.<\/p>\n<p>Los usos concretos que ESTUDIOS Y CONTRATAS SILV\u00cdCOLAS SL hace de estas tecnolog\u00edas se describen a continuaci\u00f3n.<\/p>\n<p>[\/et_pb_text][et_pb_text _builder_version=\u00bb4.20.2&#8243; _module_preset=\u00bbdefault\u00bb global_colors_info=\u00bb{}\u00bb]<\/p>\n<h2>\u00bfQu\u00e9 tipo de cookies se utilizan en esta p\u00e1gina web?<\/h2>\n<p>[\/et_pb_text][et_pb_text _builder_version=\u00bb4.20.2&#8243; _module_preset=\u00bbdefault\u00bb global_colors_info=\u00bb{}\u00bb]<\/p>\n<p>Cookies Propias: son aquellas que se env\u00edan al equipo terminal del usuario desde un equipo o dominio gestionado por el propio editor y desde el que se presta el servicio solicitado por el usuario.<\/p>\n<p>Cookies T\u00e9cnicas: son aquellas que permiten al usuario la navegaci\u00f3n a trav\u00e9s de una p\u00e1gina web, plataforma o aplicaci\u00f3n y la utilizaci\u00f3n de las diferentes opciones o servicios que en ella existan, incluyendo aquellas que el editor utiliza para permitir la gesti\u00f3n y operativa de la p\u00e1gina web y habilitar sus funciones y servicios.<\/p>\n<p>Cookies de personalizaci\u00f3n: son aquellas que permiten recordar informaci\u00f3n para que el usuario acceda al servicio con determinadas caracter\u00edsticas que pueden diferenciar su experiencia de la de otros usuarios, como, por ejemplo, el idioma.<\/p>\n<p>Cookies de sesi\u00f3n: son aquellas dise\u00f1adas para recabar y almacenar datos mientras el usuario accede a una p\u00e1gina web. Se suelen emplear para almacenar informaci\u00f3n que solo interesa conservar para la prestaci\u00f3n del servicio solicitad por el usuario en una sola ocasi\u00f3n y desaparecen al terminar la sesi\u00f3n.<\/p>\n<p>Cookies persistentes: son aquellas en las que los datos siguen almacenados en el terminal y puede ser accedidos y tratados durante un per\u00edodo definido por el responsable de la cookie.<\/p>\n<p>[\/et_pb_text][et_pb_text _builder_version=\u00bb4.20.2&#8243; _module_preset=\u00bbdefault\u00bb global_colors_info=\u00bb{}\u00bb]<\/p>\n<p>Este sitio web usa las siguientes cookies:<\/p>\n<p>[\/et_pb_text][et_pb_text _builder_version=\u00bb4.23.4&#8243; _module_preset=\u00bbdefault\u00bb hover_enabled=\u00bb0&#8243; global_colors_info=\u00bb{}\u00bb sticky_enabled=\u00bb0&#8243;]<\/p>\n<p>&nbsp;<\/p>\n<table border=\"1\" style=\"border-collapse: collapse; width: 100%; height: 178px;\">\n<tbody>\n<tr style=\"height: 72px;\">\n<td style=\"width: 14.2857%; height: 72px;\"><strong>Nombre<\/strong><\/td>\n<td style=\"width: 14.2857%; height: 72px;\"><strong>Tipo<\/strong><\/td>\n<td style=\"width: 14.2857%; height: 72px;\"><strong>Finalidad<\/strong><\/td>\n<td style=\"width: 14.2857%; height: 72px;\"><strong>Entidad<\/strong><\/td>\n<td style=\"width: 14.2857%; height: 72px;\"><strong>Tiempo de permanencia<\/strong><\/td>\n<td style=\"width: 14.2857%; height: 72px;\"><strong>Transferencia internacional de datos<\/strong><\/td>\n<\/tr>\n<tr style=\"height: 96px;\">\n<td style=\"width: 14.2857%; height: 96px;\">cdp-cookies-plugin-wp<\/td>\n<td style=\"width: 14.2857%; height: 96px;\">T\u00e9cnica<\/td>\n<td style=\"width: 14.2857%; height: 96px;\">Aceptaci\u00f3n de cookies<\/td>\n<td style=\"width: 14.2857%; height: 96px;\">Overline<\/td>\n<td style=\"width: 14.2857%; height: 96px;\">1 a\u00f1o<\/td>\n<td style=\"width: 14.2857%; height: 96px;\">No<\/td>\n<\/tr>\n<tr>\n<td style=\"width: 14.2857%;\">_ga_xxx<\/td>\n<td style=\"width: 14.2857%;\">T\u00e9cnica<\/td>\n<td style=\"width: 14.2857%;\">Medici\u00f3n de tr\u00e1fico y uso<\/td>\n<td style=\"width: 14.2857%;\">Google<\/td>\n<td style=\"width: 14.2857%;\">2 a\u00f1os<\/td>\n<td style=\"width: 14.2857%;\">S\u00ed<\/td>\n<\/tr>\n<tr>\n<td style=\"width: 14.2857%;\">_ga<\/td>\n<td style=\"width: 14.2857%;\">T\u00e9cnica<\/td>\n<td style=\"width: 14.2857%;\">Medici\u00f3n de tr\u00e1fico<\/td>\n<td style=\"width: 14.2857%;\">Google<\/td>\n<td style=\"width: 14.2857%;\">2 a\u00f1os<\/td>\n<td style=\"width: 14.2857%;\">S\u00ed<\/td>\n<\/tr>\n<\/tbody>\n<\/table>\n<p>&nbsp;<\/p>\n<p>[\/et_pb_text][et_pb_text _builder_version=\u00bb4.20.2&#8243; _module_preset=\u00bbdefault\u00bb global_colors_info=\u00bb{}\u00bb]<\/p>\n<h2>\u00bfPuedo desactivarlas?<\/h2>\n<p>[\/et_pb_text][et_pb_text _builder_version=\u00bb4.20.2&#8243; _module_preset=\u00bbdefault\u00bb global_colors_info=\u00bb{}\u00bb]<\/p>\n<p>Vd. puede configurar su navegador para rechazar el almacenamiento de las cookies en su ordenador.<\/p>\n<p>Para poder deshabilitar las cookies desde los navegadores puede encontrar informaci\u00f3n sobre c\u00f3mo hacerlo en el caso de que se use como navegador:<\/p>\n<p>Firefox desde aqu\u00ed: <a href=\"https:\/\/support.mozilla.org\/es\/kb\/proteccion-antirrastreo-mejorada-en-firefox-para-e\">https:\/\/support.mozilla.org\/es\/kb\/proteccion-antirrastreo-mejorada-en-firefox-para-e<\/a><\/p>\n<p>Chrome desde aqu\u00ed: <a href=\"https:\/\/support.google.com\/accounts\/answer\/61416?hl=es-419&amp;co=GENIE.Platform%3DDesktop&amp;oco=0\">https:\/\/support.google.com\/accounts\/answer\/61416?hl=es-419&amp;co=GENIE.Platform%3DDesktop&amp;oco=0<\/a><\/p>\n<p>Microsoft Edge desde aqu\u00ed: <a href=\"https:\/\/support.microsoft.com\/es-es\/microsoft-edge\/eliminar-las-cookies-en-microsoft-edge-63947406-40ac-c3b8-57b9-2a946a29ae09#:~:text=En%20Edge%2C%20seleccione%20Configuraci%C3%B3n%20y%20m%C3%A1s%20%3E%20Configuraci%C3%B3n%20%3E%20%3E%20Cookies,sitio%20cuyas%20cookies%20desea%20eliminar.\">https:\/\/support.microsoft.com\/es-es\/microsoft-edge\/eliminar-las-cookies-en-microsoft-edge-63947406-40ac-c3b8-57b9-2a946a29ae09#:~:text=En%20Edge%2C%20seleccione%20Configuraci%C3%B3n%20y%20m%C3%A1s%20%3E%20Configuraci%C3%B3n%20%3E%20%3E%20Cookies,sitio%20cuyas%20cookies%20desea%20eliminar.<\/a><\/p>\n<p>Safari desde aqu\u00ed: <a href=\"https:\/\/support.apple.com\/es-es\/guide\/safari\/ibrw850f6c51\/mac\">https:\/\/support.apple.com\/es-es\/guide\/safari\/ibrw850f6c51\/mac<\/a><\/p>\n<p>Opera desde aqu\u00ed: <a href=\"https:\/\/www.opera.com\/es\/use-cases\/clean-browser-and-remove-trackers\">https:\/\/www.opera.com\/es\/use-cases\/clean-browser-and-remove-trackers<\/a><\/p>\n<p>[\/et_pb_text][et_pb_text _builder_version=\u00bb4.23.1&#8243; _module_preset=\u00bbdefault\u00bb global_colors_info=\u00bb{}\u00bb]<\/p>\n<p>Por \u00faltimo, para obtener una informaci\u00f3n m\u00e1s exhaustiva acerca del tratamiento que ESTUDIOS Y CONTRATAS SILV\u00cdCOLAS SL realiza de sus datos personales, sobre cu\u00e1les son sus derechos relacionados con la protecci\u00f3n de datos o sobre qu\u00e9 cesiones se llevan a cabo, puede consultar nuestra <a href=\"\/wp\/politica-de-privacidad\/\">pol\u00edtica de privacidad<\/a>.<\/p>\n<p>[\/et_pb_text][\/et_pb_column][\/et_pb_row][\/et_pb_section]<\/p>\n","protected":false},"excerpt":{"rendered":"<p>Pol\u00edtica de cookiesA trav\u00e9s de la pol\u00edtica de cookies ESTUDIOS Y CONTRATAS SILV\u00cdCOLAS SL pretende informaci\u00f3n acerca del tratamiento de sus datos que realiza a trav\u00e9s del uso de \u201ccookies\u201d y\/o tecnolog\u00edas similares\u00bfQu\u00e9 es una cookie?En ocasiones es posible que utilicemos una tecnolog\u00eda llamada \u201ccookies\u201d con el fin de que proporcionemos una serie de contenidos [&hellip;]<\/p>\n","protected":false},"author":1,"featured_media":0,"parent":0,"menu_order":0,"comment_status":"closed","ping_status":"closed","template":"","meta":{"_et_pb_use_builder":"on","_et_pb_old_content":"","_et_gb_content_width":"","footnotes":""},"class_list":["post-556","page","type-page","status-publish","hentry"],"yoast_head":"<!-- This site is optimized with the Yoast SEO plugin v27.3 - https:\/\/yoast.com\/product\/yoast-seo-wordpress\/ -->\n<title>ECOSIL - Estudios y contratas silv\u00edcolas S.L. - Pol\u00edtica de cookies<\/title>\n<meta name=\"robots\" content=\"noindex, follow\" \/>\n<meta property=\"og:locale\" content=\"es_ES\" \/>\n<meta property=\"og:type\" content=\"article\" \/>\n<meta property=\"og:title\" content=\"ECOSIL - Estudios y contratas silv\u00edcolas S.L. - Pol\u00edtica de cookies\" \/>\n<meta property=\"og:description\" content=\"Pol\u00edtica de cookiesA trav\u00e9s de la pol\u00edtica de cookies ESTUDIOS Y CONTRATAS SILV\u00cdCOLAS SL pretende informaci\u00f3n acerca del tratamiento de sus datos que realiza a trav\u00e9s del uso de \u201ccookies\u201d y\/o tecnolog\u00edas similares\u00bfQu\u00e9 es una cookie?En ocasiones es posible que utilicemos una tecnolog\u00eda llamada \u201ccookies\u201d con el fin de que proporcionemos una serie de contenidos [&hellip;]\" \/>\n<meta property=\"og:url\" content=\"https:\/\/ecosil.es\/wp\/politica-de-cookies\/\" \/>\n<meta property=\"og:site_name\" content=\"ECOSIL - Estudios y contratas silv\u00edcolas S.L.\" \/>\n<meta property=\"article:modified_time\" content=\"2024-01-05T11:12:48+00:00\" \/>\n<meta name=\"twitter:card\" content=\"summary_large_image\" \/>\n<script type=\"application\/ld+json\" class=\"yoast-schema-graph\">{\"@context\":\"https:\\\/\\\/schema.org\",\"@graph\":[{\"@type\":\"WebPage\",\"@id\":\"https:\\\/\\\/ecosil.es\\\/wp\\\/politica-de-cookies\\\/\",\"url\":\"https:\\\/\\\/ecosil.es\\\/wp\\\/politica-de-cookies\\\/\",\"name\":\"ECOSIL - Estudios y contratas silv\u00edcolas S.L. - Pol\u00edtica de cookies\",\"isPartOf\":{\"@id\":\"https:\\\/\\\/ecosil.es\\\/wp\\\/#website\"},\"datePublished\":\"2023-12-14T17:15:17+00:00\",\"dateModified\":\"2024-01-05T11:12:48+00:00\",\"breadcrumb\":{\"@id\":\"https:\\\/\\\/ecosil.es\\\/wp\\\/politica-de-cookies\\\/#breadcrumb\"},\"inLanguage\":\"es\",\"potentialAction\":[{\"@type\":\"ReadAction\",\"target\":[\"https:\\\/\\\/ecosil.es\\\/wp\\\/politica-de-cookies\\\/\"]}]},{\"@type\":\"BreadcrumbList\",\"@id\":\"https:\\\/\\\/ecosil.es\\\/wp\\\/politica-de-cookies\\\/#breadcrumb\",\"itemListElement\":[{\"@type\":\"ListItem\",\"position\":1,\"name\":\"Portada\",\"item\":\"https:\\\/\\\/ecosil.es\\\/wp\\\/\"},{\"@type\":\"ListItem\",\"position\":2,\"name\":\"Pol\u00edtica de cookies\"}]},{\"@type\":\"WebSite\",\"@id\":\"https:\\\/\\\/ecosil.es\\\/wp\\\/#website\",\"url\":\"https:\\\/\\\/ecosil.es\\\/wp\\\/\",\"name\":\"ECOSIL - Estudios y contratas silv\u00edcolas S.L.\",\"description\":\"Servicios forestales y ejecuci\u00f3n de obras de tipo medioambiental y paisaj\u00edstico.\",\"publisher\":{\"@id\":\"https:\\\/\\\/ecosil.es\\\/wp\\\/#organization\"},\"potentialAction\":[{\"@type\":\"SearchAction\",\"target\":{\"@type\":\"EntryPoint\",\"urlTemplate\":\"https:\\\/\\\/ecosil.es\\\/wp\\\/?s={search_term_string}\"},\"query-input\":{\"@type\":\"PropertyValueSpecification\",\"valueRequired\":true,\"valueName\":\"search_term_string\"}}],\"inLanguage\":\"es\"},{\"@type\":\"Organization\",\"@id\":\"https:\\\/\\\/ecosil.es\\\/wp\\\/#organization\",\"name\":\"ECOSIL - Estudios y contratas silv\u00edcolas S.L.\",\"url\":\"https:\\\/\\\/ecosil.es\\\/wp\\\/\",\"logo\":{\"@type\":\"ImageObject\",\"inLanguage\":\"es\",\"@id\":\"https:\\\/\\\/ecosil.es\\\/wp\\\/#\\\/schema\\\/logo\\\/image\\\/\",\"url\":\"https:\\\/\\\/ecosil.es\\\/wp\\\/wp-content\\\/uploads\\\/2022\\\/09\\\/icono.png\",\"contentUrl\":\"https:\\\/\\\/ecosil.es\\\/wp\\\/wp-content\\\/uploads\\\/2022\\\/09\\\/icono.png\",\"width\":512,\"height\":512,\"caption\":\"ECOSIL - Estudios y contratas silv\u00edcolas S.L.\"},\"image\":{\"@id\":\"https:\\\/\\\/ecosil.es\\\/wp\\\/#\\\/schema\\\/logo\\\/image\\\/\"}}]}<\/script>\n<!-- \/ Yoast SEO plugin. -->","yoast_head_json":{"title":"ECOSIL - Estudios y contratas silv\u00edcolas S.L. - Pol\u00edtica de cookies","robots":{"index":"noindex","follow":"follow"},"og_locale":"es_ES","og_type":"article","og_title":"ECOSIL - Estudios y contratas silv\u00edcolas S.L. - Pol\u00edtica de cookies","og_description":"Pol\u00edtica de cookiesA trav\u00e9s de la pol\u00edtica de cookies ESTUDIOS Y CONTRATAS SILV\u00cdCOLAS SL pretende informaci\u00f3n acerca del tratamiento de sus datos que realiza a trav\u00e9s del uso de \u201ccookies\u201d y\/o tecnolog\u00edas similares\u00bfQu\u00e9 es una cookie?En ocasiones es posible que utilicemos una tecnolog\u00eda llamada \u201ccookies\u201d con el fin de que proporcionemos una serie de contenidos [&hellip;]","og_url":"https:\/\/ecosil.es\/wp\/politica-de-cookies\/","og_site_name":"ECOSIL - Estudios y contratas silv\u00edcolas S.L.","article_modified_time":"2024-01-05T11:12:48+00:00","twitter_card":"summary_large_image","schema":{"@context":"https:\/\/schema.org","@graph":[{"@type":"WebPage","@id":"https:\/\/ecosil.es\/wp\/politica-de-cookies\/","url":"https:\/\/ecosil.es\/wp\/politica-de-cookies\/","name":"ECOSIL - Estudios y contratas silv\u00edcolas S.L. - Pol\u00edtica de cookies","isPartOf":{"@id":"https:\/\/ecosil.es\/wp\/#website"},"datePublished":"2023-12-14T17:15:17+00:00","dateModified":"2024-01-05T11:12:48+00:00","breadcrumb":{"@id":"https:\/\/ecosil.es\/wp\/politica-de-cookies\/#breadcrumb"},"inLanguage":"es","potentialAction":[{"@type":"ReadAction","target":["https:\/\/ecosil.es\/wp\/politica-de-cookies\/"]}]},{"@type":"BreadcrumbList","@id":"https:\/\/ecosil.es\/wp\/politica-de-cookies\/#breadcrumb","itemListElement":[{"@type":"ListItem","position":1,"name":"Portada","item":"https:\/\/ecosil.es\/wp\/"},{"@type":"ListItem","position":2,"name":"Pol\u00edtica de cookies"}]},{"@type":"WebSite","@id":"https:\/\/ecosil.es\/wp\/#website","url":"https:\/\/ecosil.es\/wp\/","name":"ECOSIL - Estudios y contratas silv\u00edcolas S.L.","description":"Servicios forestales y ejecuci\u00f3n de obras de tipo medioambiental y paisaj\u00edstico.","publisher":{"@id":"https:\/\/ecosil.es\/wp\/#organization"},"potentialAction":[{"@type":"SearchAction","target":{"@type":"EntryPoint","urlTemplate":"https:\/\/ecosil.es\/wp\/?s={search_term_string}"},"query-input":{"@type":"PropertyValueSpecification","valueRequired":true,"valueName":"search_term_string"}}],"inLanguage":"es"},{"@type":"Organization","@id":"https:\/\/ecosil.es\/wp\/#organization","name":"ECOSIL - Estudios y contratas silv\u00edcolas S.L.","url":"https:\/\/ecosil.es\/wp\/","logo":{"@type":"ImageObject","inLanguage":"es","@id":"https:\/\/ecosil.es\/wp\/#\/schema\/logo\/image\/","url":"https:\/\/ecosil.es\/wp\/wp-content\/uploads\/2022\/09\/icono.png","contentUrl":"https:\/\/ecosil.es\/wp\/wp-content\/uploads\/2022\/09\/icono.png","width":512,"height":512,"caption":"ECOSIL - Estudios y contratas silv\u00edcolas S.L."},"image":{"@id":"https:\/\/ecosil.es\/wp\/#\/schema\/logo\/image\/"}}]}},"_links":{"self":[{"href":"https:\/\/ecosil.es\/wp\/wp-json\/wp\/v2\/pages\/556","targetHints":{"allow":["GET"]}}],"collection":[{"href":"https:\/\/ecosil.es\/wp\/wp-json\/wp\/v2\/pages"}],"about":[{"href":"https:\/\/ecosil.es\/wp\/wp-json\/wp\/v2\/types\/page"}],"author":[{"embeddable":true,"href":"https:\/\/ecosil.es\/wp\/wp-json\/wp\/v2\/users\/1"}],"replies":[{"embeddable":true,"href":"https:\/\/ecosil.es\/wp\/wp-json\/wp\/v2\/comments?post=556"}],"version-history":[{"count":6,"href":"https:\/\/ecosil.es\/wp\/wp-json\/wp\/v2\/pages\/556\/revisions"}],"predecessor-version":[{"id":615,"href":"https:\/\/ecosil.es\/wp\/wp-json\/wp\/v2\/pages\/556\/revisions\/615"}],"wp:attachment":[{"href":"https:\/\/ecosil.es\/wp\/wp-json\/wp\/v2\/media?parent=556"}],"curies":[{"name":"wp","href":"https:\/\/api.w.org\/{rel}","templated":true}]}}